{"id":956,"date":"2016-11-01T16:36:03","date_gmt":"2016-11-01T16:36:03","guid":{"rendered":"http:\/\/blog.sickculture.de\/?page_id=956"},"modified":"2019-02-13T10:05:51","modified_gmt":"2019-02-13T10:05:51","slug":"2016-10-schoettelkarspitze-bbs","status":"publish","type":"page","link":"https:\/\/blog.sickculture.de\/?page_id=956","title":{"rendered":"2016.10 Sch\u00f6ttelkarspitze BBS"},"content":{"rendered":"<section class=\"wpb-content-wrapper\"><p>[vc_row][vc_column][vc_column_text][pe2-image src=&#8221;https:\/\/lh3.googleusercontent.com\/-l-aTLVXIIbE\/WBjAQ2J58nI\/AAAAAAAAdII\/apTWaz1YznoOorxOJ19djVlzdYJLN9uGwCCo\/s144-c-o\/20161030-120712-00106-_DSC2218_Screen.jpg&#8221; href=&#8221;https:\/\/picasaweb.google.com\/112885246866780528333\/6348029737029826897#6348035070426215026&#8243; caption=&#8221;&#8221; type=&#8221;image&#8221; alt=&#8221;20161030-120712-00106-_DSC2218_Screen.jpg&#8221; ]<\/p>\n<h3 class=\"clear\" style=\"text-align: center;\">&nbsp;<\/h3>\n<h3 class=\"clear\" style=\"text-align: center;\"><img loading=\"lazy\" decoding=\"async\" class=\"aligncenter size-medium wp-image-957\" src=\"http:\/\/blog.sickculture.de\/wp-content\/uploads\/2016\/11\/karwendelLogo-300x194.jpg\" alt=\"karwendellogo\" width=\"300\" height=\"194\" srcset=\"https:\/\/blog.sickculture.de\/wp-content\/uploads\/2016\/11\/karwendelLogo-300x194.jpg 300w, https:\/\/blog.sickculture.de\/wp-content\/uploads\/2016\/11\/karwendelLogo-232x150.jpg 232w, https:\/\/blog.sickculture.de\/wp-content\/uploads\/2016\/11\/karwendelLogo-150x97.jpg 150w, https:\/\/blog.sickculture.de\/wp-content\/uploads\/2016\/11\/karwendelLogo.jpg 500w\" sizes=\"auto, (max-width: 300px) 100vw, 300px\" \/><\/h3>\n<h3 class=\"clear\" style=\"text-align: center;\"><strong>Bikebergsteigen<\/strong><span style=\"color: #008000;\"><strong><br \/>\n<\/strong><\/span><\/h3>\n<h2 style=\"text-align: center;\"><span style=\"color: #993300;\"><strong>Sch\u00f6ttelkarspitze &#8211; Soierngruppe<br \/>\n<\/strong><\/span><\/h2>\n<h2 style=\"text-align: center;\">30. Oktober 2016<\/h2>\n<p>Wieder einmal zogen mich die Berge in ihren Bann und ich w\u00e4hlte eine knackige Bergsteigertour mit gut 900hm Schiebe-\/Trageanteil als mein Ziel. Auf dem alten Reitweg hoch zur Sch\u00f6ttelkarspitze im Soiernmassiv &#8211; inmitten des Karwendels &#8211; dem Flow Valley Deutschland\u00b4s.[\/vc_column_text][\/vc_column][\/vc_row][vc_row][vc_column][vc_text_separator title=&#8221;B E S C H R E I B U N G&#8221;][\/vc_column][\/vc_row][vc_row][vc_column][vc_column_text]Herrlicher kann ein Herbsttag nicht sein. Eine F\u00f6hnlage in den Alpen bescherte mir ein geniales Bikewetter und ich entschloss mich, eine Bikebergsteigertour im Karwendel zu unternehmen. Und dazu konnte ich noch eine Stunde l\u00e4nger schlafen, da die Zeitumstellung von Samstag auf Sonntag war. Fr\u00fch morgens startete ich in Kr\u00fcn in der Jachenau in der Gemeinde Wallgau mit meinem Bike und schon nach kurzem flachen Einrollen ging auf festen Schotter die ersten 500hm in angenehmer Steigung von nicht mehr als 12 Prozent hoch zur Fischbachalm, dem \u00dcbergang ins Soiernmassiv. Nach einer guten Stunde sollte die Route hinunter zur Materialseilbahn des Soiernhaus gehen. Aber das w\u00e4re ja zu einfach. Ich habe vorher im Netz was zum Lakaiensteig gefunden und dachte, wenn ich sowieso 200hm vom Tal hoch zum Soiernhaus schieben mu\u00df, dann k\u00f6nnte ich auch versuchen, den Steig auf dem H\u00f6henpfad zu fahren, bzw. zu schieben. Das erste Viertel ist noch gut fahrbar und bis auf die Ausgesetzheit auch kein Problem. Dann wurde der Pfad immer schmaler und auf der Bergseite kratzte der Fels am Lenker. Also lieber Schieben als was riskieren. Zwischendurch konnte dann wieder gefahren werden, dann hie\u00df es wieder Schieben und Tragen. Eine kurze Leiter, ein paar Passagen mit Seilsicherung und schon war das gr\u00f6bste des Lakaiensteigs geschaft. Vom Steig aus hat man schon eine wunderbare Sicht auf das Soiernmassiv, der Soiernspitze und der Gumpenkarspitze. Im Tal leuchteten die gef\u00e4rbten Kiefernnadeln empor. Ein geniales Fotomotiv.<\/p>\n<p>Dann hie\u00df es am Ausgang des Lakaiensteigs nochmals ein paar Kehren schieben, ehe man am Soiernhaus ankommt. Nach einer kurzen Rast folgen die 600hm Schiebe- und Trageetappe auf dem alten Reitsteig K\u00f6nig Ludwig\u00b4s hoch zur Sch\u00f6ttelkarspitze. Die ersten H\u00f6henmeter folgen gerade aus mit sanfter Steigung auf einem Panoramaweg hoch \u00fcber den Soiernseen. Dieser ist nie steil und mit alten Steinpflaster als Untergrund. Dann folgt eine steile Wand, die allerdings in angenehmer Steigung und zig Kehren zu Schieben waren. An einer Scharte hie\u00df es dann Bike auf den Rucksack legen und die letzten Meter auf einem S3\/4 Weg hochtragen. Auch das ist relativ schnell erledigt und schon bald war ich oben am Gipfelkreuz der Sch\u00f6ttelkarspitze. Ein Hammerpanorama \u00fcber das Karwendel, Inntal, Walchensee, und nat\u00fcrlich meinem Ziel dem Soiernmassiv. Auch mein kommendes BBS Ziel die Gumpenkarspitze mit einem Zigzack-Weg auf der anderen Seite des Tals war sch\u00f6n auszumachen. Ich mu\u00df wohl nicht erw\u00e4hnen, dass ich der einzige Biker hier oben war und die paar Wanderer nicht dumm aus der W\u00e4sche schauten, als ich mit Bike hier oben ankam. Nach ettlichen Fotos und einer erholsamen Rast hie\u00df es Schoner anlegen und sich auf den Downhill bis zu den Soiernsee vorzubereiten. Die ersten DH-H\u00f6henmeter schob ich, da es schon hartes Brot war und die Wanderer, welche hochkamen sowieso den Fahrflu\u00df unterbrachen. Von der Scharte war es dann Flow pur. Die Kehren war gut zu fahren, teilweise ein wenig Hinterradversetzen und bis auf zwei Stellen (Felssturz) super zu fahren. Von den Soiernseen waren es ein paar Meter easy Flowtrail auf der Geraden, ehe wieder ein alter Karrenweg in Kehren nach unten ins Tal zur Materialseilbahn f\u00fchrte. Von dort ging es dann talausw\u00e4rts Richtung Vorderri\u00df. Zuerst noch auf einer Forststra\u00dfe bergauf, welche dann immer schm\u00e4ler wurde und zu einem Flowtrail mutierte. Auf dem alten Soiernweg scho\u00df ich nun talabw\u00e4rts und m\u00fcndete erst im Tal in einer Forststra\u00dfe, welche zum Parkplatz in Vorderri\u00df f\u00fchrte. Von hier \u00fcberquerte ich den Inn und fuhr auf der stark befahrenen Stra\u00dfe zur\u00fcck \u00fcber Wallgau nach Kr\u00fcn.<\/p>\n<div class=\"passster-form\" id=\"ps-153\">\n    <form class=\"password-form\" method=\"post\" autocomplete=\"off\" target=\"_top\">\n        <span class=\"ps-form-headline\">Gesch\u00fctzter Bereich<\/span>\n        <div class=\"ps-form-instructions-wrap\">Dieser Inhalt ist passwortgesch\u00fctzt. Bitte gib dein Passwort ein um den Inhalt freizuschalten.<\/div>\n        <fieldset>\n            <span class=\"ps-loader\" style=\"display:none;\"><img decoding=\"async\" src=\"https:\/\/blog.sickculture.de\/wp-content\/plugins\/content-protector\/assets\/public\/ps-loader.svg\" alt=\"\" \/><\/span>\n            <label for=\"input-ps-153\" style=\"display:none;\" class=\"passster-hidden\">Trage dein Passwort ein<\/label>\n            <input placeholder=\"Gib dein Passwort ein..\" type=\"password\" tabindex=\"1\" name=\"passster_password\"\n                   id=\"input-ps-153\" class=\"passster-password\" autocomplete=\"off\"\n                   data-protection-type=\"password\" data-list=\"[PASSSTER_LIST]\" data-lists=\"[PASSSTER_LISTS]\" data-area=\"[PASSSTER_AREA]\"\n                   data-protection=\"[PASSSTER_PROTECTION]\">\n            \n            <button name=\"submit\" type=\"submit\" class=\"passster-submit\" data-psid=\"ps-153\" data-post-id=\"956\" data-term-id=\"0\" \n                    data-submit=\"...Checking Password\" data-redirect=\"\">Freischalten\n            <\/button>\n            <div class=\"passster-error\"><\/div>\n        <\/fieldset>\n    <\/form>\n<\/div>\n[\/vc_column_text][\/vc_column][\/vc_row][vc_row][vc_column][vc_text_separator title=&#8221;F A Z I T&#8221;][\/vc_column][\/vc_row][vc_row][vc_column][vc_column_text]Ich hoffe, das war nicht die letzte Bergtour in diesem Jahr. Aber falls es so sein soll, war das sicher ein genialer Abschlu\u00df f\u00fcr 2016 (was ich wie gesagt nicht hoffe). Es passte alles: Wetter, Flowtrail, anstrengender Uphill und Fotomotive ohne Ende. Dazu noch relativ wenig los und kein Stress mit den paar Wandersleut, die ich traf. So soll es sein. R\u00fccksichtsnahme beiderseits und Respekt von gemeinsamen Ziel![\/vc_column_text][\/vc_column][\/vc_row][vc_row][vc_column]<div class=\"ult_exp_section_layer ult-adjust-bottom-margin  \" >\n\t<div id=\"uvc-exp-wrap-7307\"   data-ultimate-target='#uvc-exp-wrap-7307'  data-responsive-json-new='{\"font-size\":\"desktop:20px;\",\"line-height\":\"desktop:20px;\"}'  class=\"ult_exp_section  ult-responsive \" style=\"color:#ffffff;background-color:#1e73be;font-family:Alfa Slab One;font-weight:bold;  text-align:center;\" data-textcolor=\"#ffffff\"data-texthover=\"#333333\"data-icncolor=\"#333333\"data-ihover=\"#333333\"data-height=\"0\"data-cntbg=\"#1e73be\"data-cnthvrbg=\"#e5e5e5\"data-headerbg=\"#1e73be\"data-headerhover=\"#e5e5e5\"data-title=\"BILDER\"data-newtitle=\"BILDER\"data-icon=\"\"data-newicon=\"\"data-activeicon=\"#333333\"data-effect=\"slideToggle\"data-override=\"0\"data-activetitle=\"#333333\"data-activebg=\"#dbdbdb\"data-img=\"\"data-newimg=\"\"><div  class=\"ult_exp_section-main \">\n\t\t\t\t\t<div class=\"ult_expheader\" >BILDER\n\t\t\t\t\t <\/div><\/div>\n\t\t\t\t<\/div><div class=\"ult_exp_content \" style=\"background-color:#dbdbdb;  \"><div class=\"ult_ecpsub_cont\" style=\" \" >[vc_column_text]<\/p>\n\n\t\t<style type=\"text\/css\">\n\t\t\t#gallery-1 {\n\t\t\t\tmargin: auto;\n\t\t\t}\n\t\t\t#gallery-1 .gallery-item {\n\t\t\t\tfloat: left;\n\t\t\t\tmargin-top: 10px;\n\t\t\t\ttext-align: center;\n\t\t\t\twidth: 100%;\n\t\t\t}\n\t\t\t#gallery-1 img {\n\t\t\t\tborder: 2px solid #cfcfcf;\n\t\t\t}\n\t\t\t#gallery-1 .gallery-caption {\n\t\t\t\tmargin-left: 0;\n\t\t\t}\n\t\t\t\/* see gallery_shortcode() in wp-includes\/media.php *\/\n\t\t<\/style>\n\t\t<div id='gallery-1' class='gallery galleryid-956 gallery-columns-0 gallery-size-thumbnail'><dl class='gallery-item'>\n\t\t\t<dt class='gallery-icon landscape'>\n\t\t\t\t<a href='https:\/\/blog.sickculture.de\/?attachment_id=957'><img loading=\"lazy\" decoding=\"async\" width=\"150\" height=\"150\" src=\"https:\/\/blog.sickculture.de\/wp-content\/uploads\/2016\/11\/karwendelLogo-150x150.jpg\" class=\"attachment-thumbnail size-thumbnail\" alt=\"\" \/><\/a>\n\t\t\t<\/dt><\/dl>\n\t\t<\/div>\n\n<p>[\/vc_column_text]<\/div><\/div>\n\n\t\t\t<\/div>[\/vc_column][\/vc_row]<\/p>\n<\/section>","protected":false},"excerpt":{"rendered":"<p>[vc_row][vc_column][vc_column_text][pe2-image src=&#8221;https:\/\/lh3.googleusercontent.com\/-l-aTLVXIIbE\/WBjAQ2J58nI\/AAAAAAAAdII\/apTWaz1YznoOorxOJ19djVlzdYJLN9uGwCCo\/s144-c-o\/20161030-120712-00106-_DSC2218_Screen.jpg&#8221; href=&#8221;https:\/\/picasaweb.google.com\/112885246866780528333\/6348029737029826897#6348035070426215026&#8243; caption=&#8221;&#8221; type=&#8221;image&#8221; alt=&#8221;20161030-120712-00106-_DSC2218_Screen.jpg&#8221; ] &nbsp; Bikebergsteigen Sch\u00f6ttelkarspitze &#8211; Soierngruppe 30. Oktober 2016 Wieder einmal zogen mich die Berge in ihren Bann und ich w\u00e4hlte eine knackige Bergsteigertour mit gut 900hm Schiebe-\/Trageanteil als mein Ziel. Auf dem alten Reitweg hoch zur Sch\u00f6ttelkarspitze im Soiernmassiv &#8211; inmitten des Karwendels \u2026 <a class=\"continue-reading-link\" href=\"https:\/\/blog.sickculture.de\/?page_id=956\"> Continue reading<\/a><\/p>\n","protected":false},"author":1,"featured_media":0,"parent":90,"menu_order":0,"comment_status":"closed","ping_status":"closed","template":"","meta":{"_s2mail":"yes","ngg_post_thumbnail":0,"footnotes":""},"categories":[13,4],"class_list":["post-956","page","type-page","status-publish","hentry","category-13","category-mountainbike"],"jetpack_shortlink":"https:\/\/wp.me\/P7EPUT-fq","jetpack_sharing_enabled":true,"_links":{"self":[{"href":"https:\/\/blog.sickculture.de\/index.php?rest_route=\/wp\/v2\/pages\/956","targetHints":{"allow":["GET"]}}],"collection":[{"href":"https:\/\/blog.sickculture.de\/index.php?rest_route=\/wp\/v2\/pages"}],"about":[{"href":"https:\/\/blog.sickculture.de\/index.php?rest_route=\/wp\/v2\/types\/page"}],"author":[{"embeddable":true,"href":"https:\/\/blog.sickculture.de\/index.php?rest_route=\/wp\/v2\/users\/1"}],"replies":[{"embeddable":true,"href":"https:\/\/blog.sickculture.de\/index.php?rest_route=%2Fwp%2Fv2%2Fcomments&post=956"}],"version-history":[{"count":3,"href":"https:\/\/blog.sickculture.de\/index.php?rest_route=\/wp\/v2\/pages\/956\/revisions"}],"predecessor-version":[{"id":1327,"href":"https:\/\/blog.sickculture.de\/index.php?rest_route=\/wp\/v2\/pages\/956\/revisions\/1327"}],"up":[{"embeddable":true,"href":"https:\/\/blog.sickculture.de\/index.php?rest_route=\/wp\/v2\/pages\/90"}],"wp:attachment":[{"href":"https:\/\/blog.sickculture.de\/index.php?rest_route=%2Fwp%2Fv2%2Fmedia&parent=956"}],"wp:term":[{"taxonomy":"category","embeddable":true,"href":"https:\/\/blog.sickculture.de\/index.php?rest_route=%2Fwp%2Fv2%2Fcategories&post=956"}],"curies":[{"name":"wp","href":"https:\/\/api.w.org\/{rel}","templated":true}]}}