{"id":962,"date":"2016-12-02T06:31:57","date_gmt":"2016-12-02T06:31:57","guid":{"rendered":"http:\/\/blog.sickculture.de\/?page_id=962"},"modified":"2019-02-13T10:03:45","modified_gmt":"2019-02-13T10:03:45","slug":"2016-12-herzogstand-h2-trail","status":"publish","type":"page","link":"https:\/\/blog.sickculture.de\/?page_id=962","title":{"rendered":"2016.12 Herzogstand H2 Trail"},"content":{"rendered":"<section class=\"wpb-content-wrapper\"><p>[vc_row][vc_column][vc_column_text][pe2-image src=&#8221;https:\/\/lh3.googleusercontent.com\/-dzrR2N0XeMs\/WEEJJBpDiGI\/AAAAAAAAdXQ\/ICH1vZ8rzJsV1eMmME26xhgyteM12xqXACCo\/s144-c-o\/_DSC2484_Screen.jpg&#8221; href=&#8221;https:\/\/picasaweb.google.com\/112885246866780528333\/6359373472771508865#6359374199487957090&#8243; caption=&#8221;&#8221; type=&#8221;image&#8221; alt=&#8221;_DSC2484_Screen.jpg&#8221; ]<\/p>\n<h3 class=\"clear\" style=\"text-align: center;\"><strong><img loading=\"lazy\" decoding=\"async\" class=\"aligncenter wp-image-963\" src=\"http:\/\/blog.sickculture.de\/wp-content\/uploads\/2016\/12\/kochel-und-walchensee-300x193.jpg\" alt=\"kochel-und-walchensee\" width=\"193\" height=\"124\" srcset=\"https:\/\/blog.sickculture.de\/wp-content\/uploads\/2016\/12\/kochel-und-walchensee-300x193.jpg 300w, https:\/\/blog.sickculture.de\/wp-content\/uploads\/2016\/12\/kochel-und-walchensee-768x495.jpg 768w, https:\/\/blog.sickculture.de\/wp-content\/uploads\/2016\/12\/kochel-und-walchensee-233x150.jpg 233w, https:\/\/blog.sickculture.de\/wp-content\/uploads\/2016\/12\/kochel-und-walchensee-150x97.jpg 150w, https:\/\/blog.sickculture.de\/wp-content\/uploads\/2016\/12\/kochel-und-walchensee.jpg 770w\" sizes=\"auto, (max-width: 193px) 100vw, 193px\" \/><\/strong><span style=\"color: #008000;\"><strong><br \/>\n<\/strong><\/span><\/h3>\n<h2 style=\"text-align: center;\"><span style=\"color: #993300;\"><strong>Herzogstand<br \/>\n<\/strong><\/span><\/h2>\n<h2 style=\"text-align: center;\">1. Dezember 2016<\/h2>\n<p>Ich h\u00e4tte nicht mehr daran gedacht, dass dieses Jahr noch an Biken in den Bergen zu denken ist. Aber zur Zeit ist das Wetter noch gn\u00e4dig und so entschlo\u00df ich mich vor dem Besuch meiner Schwester einen Abstecher an den Walchensee zu machen, um den Herzogstand unter die Stollen zu nehmen.[\/vc_column_text][\/vc_column][\/vc_row][vc_row][vc_column][vc_text_separator title=&#8221;B E S C H R E I B U N G&#8221;][\/vc_column][\/vc_row][vc_row][vc_column][vc_column_text]Noch recht frisch war es am Morgen und die Eiszapfen an den Felsw\u00e4nden neben der Stra\u00dfe hoch zum Walchensee best\u00e4tigten die K\u00e4lte. Aber gegen jedes Wetter gibt es die passende Kleidung! Also gings von Urfeld gleich stramm nach oben. Der Herzogstand im &#8220;Flow Valley&#8221; schenkt einem nichts. Die Forststra\u00dfe hoch zum Herzogstandhaus ist sehr gut ausgebaut, jedoch mit durchschnittlich 14 Prozent Steigung und zwei heftigen Rampen mit knapp 20 Prozent verlangen den Muskeln einiges ab. W\u00e4re das nicht schon genug Schinderei, kam dann noch der Schnee und Glatteis dazu. Und ich hatte nat\u00fcrlich passend zum Untergrund die dicke Bereifung mit weicher Gummimischung ausgezogen und dann noch mein 601er ausgepackt. Ich verbuche das ganze dann gleich mal als &#8220;Krafttraining&#8221; ab. Kurz vor dem Abzweig Pioniersteig (welcher ebenfalls sehr lohnend sein soll) b\u00e4umt sich der Weg mal richtig steil auf. Ist diese Passage geschafft rollt es sich wieder leichter nach oben. Nach knapp 800hm hat man das Herzogstandhaus erreicht. Von hier hat man schon einen wunderbaren Ausblick, aber ich dachte mir, nachdem sowieso nichts los ist, kann ich auch mit dem Bike hoch zum Herzogstandgipfel. Die ersten Meter gehen fast eben auf einem H\u00f6henweg r\u00fcber zum Fu\u00df des Gipfels. Einzig auf die querliegenden Bohlen mu\u00dfte ein wenig aufgepasst werden, da diese mit Eis bedeckt waren. Dann zogen Serpentinen in angenehmer Steigung hoch. An Treten war nicht mehr zu denken. Zu verblockt und eisig war der Weg. Aber ein wenig schieben st\u00f6rt auch nicht und so hat man Zeit sich die Landschaft anzusehen. Nach ca. 20 Minuten stand ich dann am Gipfelkreuz. Ein herrliches Panorama \u00fcber Walchensee und Kochelsee. Auf der einen Seite das M\u00fcnchner Voralpenland und auf der anderen Seite das Karwendel, Estergebirge und die Mieminger Kette. Sogar die Zugspitze war gut zu sehen. Eine G\u00e4mse vergn\u00fcgte sich am steilen Abhang und f\u00fchlte sich absolut nicht gest\u00f6rt von mir. Schnell noch ein paar Bilder geknipst und weiter zu Fu\u00df die letzten Meter hoch zum Pavillion, dem &#8220;Hochsitz&#8221; von K\u00f6nig Ludwig II. Nun hie\u00df es aber Protektoren anlegen und ab auf\u00b4s Bike. Trotz der Gl\u00e4tte griffen die Reifen sehr gut und verkrallten sich in den rauhen Felsuntergrund. Ehe man schaut ist man schon wieder am Herzogstandhaus angekommen. Jetzt gab\u00b4s zwei M\u00f6glichkeiten: den Forstweg runter und \u00fcber Pionierweg abfahren oder den H2 Steig runterdonnern. Ich wollte heute den H2 Steig nehmen &#8211; der Direttissima zum Walchensee &#8211; wegen dem war ich hier. Die ersten Meter rollten sich noch halbwegs gut, doch da zeigte der Weg seine b\u00f6se Seite. Er wurde stark verblockt und wurzelig. Immer wieder fehlte mir der Speed um \u00fcber das Hindernis zu kommen. Ich gew\u00f6hnte mich allerdings schnell und konnte den Weg relativ gut lesen. Ein kurzer Plausch mit einem netten Wanderer und schon gings Serpentine f\u00fcr Serpentine bergab. F\u00fcr meine Verh\u00e4ltnisse waren die Radien aber zu eng und verblockt. Demnach mu\u00dfte ich um die Kurve mehrmals mein Versetzen des Hinterrads unterbrechen und das Rad um die Kurve hiefen. Auf halber H\u00f6he folgt ein ausgesetzer Weg mit Stahlseilen gesichert und darauffolgend einige Stufen. Eine enge S-Kurve mit Treppen durchzogen ist wirklich nur was f\u00fcr sehr gute Trialer. Danach wird der Weg endlich flowiger. Mit der richtigen Spurwahl und gewissem Speed kommt man auch \u00fcber die starken Wurzeln dr\u00fcber. Nach einer guten Stunde Abfahrtsrausch spuckt einen der Trail direkt am Ufer des Walchensee auf dem Wanderparkplatz aus. Dann gings gem\u00fctlich an der Stra\u00dfe entlang zur\u00fcck nach Urfeld. Mein Plan war es eigentlich, einen zweite Auffahrt nochmals zu machen und die Pionierweg zu fahren. Das w\u00e4ren nochmals ca. 300-400hm. Nur leider war die Zeit schon zu weit vorangeschritten und ich mu\u00dfte zu meiner Schwester. &#8220;Also verschieben wir\u00b4s auf ein n\u00e4chstes Mal!&#8221;<\/p>\n<div class=\"passster-form\" id=\"ps-97\">\n    <form class=\"password-form\" method=\"post\" autocomplete=\"off\" target=\"_top\">\n        <span class=\"ps-form-headline\">Gesch\u00fctzter Bereich<\/span>\n        <div class=\"ps-form-instructions-wrap\">Dieser Inhalt ist passwortgesch\u00fctzt. Bitte gib dein Passwort ein um den Inhalt freizuschalten.<\/div>\n        <fieldset>\n            <span class=\"ps-loader\" style=\"display:none;\"><img decoding=\"async\" src=\"https:\/\/blog.sickculture.de\/wp-content\/plugins\/content-protector\/assets\/public\/ps-loader.svg\" alt=\"\" \/><\/span>\n            <label for=\"input-ps-97\" style=\"display:none;\" class=\"passster-hidden\">Trage dein Passwort ein<\/label>\n            <input placeholder=\"Gib dein Passwort ein..\" type=\"password\" tabindex=\"1\" name=\"passster_password\"\n                   id=\"input-ps-97\" class=\"passster-password\" autocomplete=\"off\"\n                   data-protection-type=\"password\" data-list=\"[PASSSTER_LIST]\" data-lists=\"[PASSSTER_LISTS]\" data-area=\"[PASSSTER_AREA]\"\n                   data-protection=\"[PASSSTER_PROTECTION]\">\n            \n            <button name=\"submit\" type=\"submit\" class=\"passster-submit\" data-psid=\"ps-97\" data-post-id=\"962\" data-term-id=\"0\" \n                    data-submit=\"...Checking Password\" data-redirect=\"\">Freischalten\n            <\/button>\n            <div class=\"passster-error\"><\/div>\n        <\/fieldset>\n    <\/form>\n<\/div>\n[\/vc_column_text][\/vc_column][\/vc_row][vc_row][vc_column][vc_text_separator title=&#8221;F A Z I T&#8221;][\/vc_column][\/vc_row][vc_row][vc_column][vc_column_text]Die Region Jachenau bietet einiges an Trailschmankerln, das habe ich nun auch kappiert. Nicht um sonst sind die Jungs von Flow Valley hier \u00f6fters unterwegs. Allerdings ist diese Region auch f\u00fcr den Mountainbike-Konflikt bekannt. Demnach mu\u00df man antizyklisch fahren. Jetzt im Dezember war nat\u00fcrlich absolut nichts mehr los hier und man hat die Wege f\u00fcr sich alleine. Der Herzogstand H2 Trail ist schon eine derbe Sache. Verblockt, schwierige Kurven und stellenweise noch ausgesetzt. Jeder Meter lauert mit einem neuen Hinderniss und einer \u00dcberraschung. Trotzdem eine lohnende und sch\u00f6ne Runde. Mal schauen, ob die n\u00e4chsten 1-2 Wochen noch gut zum Biken sind. &#8220;Ich komme wieder&#8221;![\/vc_column_text][\/vc_column][\/vc_row][vc_row][vc_column]<div class=\"ult_exp_section_layer ult-adjust-bottom-margin  \" >\n\t<div id=\"uvc-exp-wrap-2362\"   data-ultimate-target='#uvc-exp-wrap-2362'  data-responsive-json-new='{\"font-size\":\"desktop:20px;\",\"line-height\":\"desktop:20px;\"}'  class=\"ult_exp_section  ult-responsive \" style=\"color:#ffffff;background-color:#1e73be;font-family:Alfa Slab One;font-weight:bold;  text-align:center;\" data-textcolor=\"#ffffff\"data-texthover=\"#333333\"data-icncolor=\"#333333\"data-ihover=\"#333333\"data-height=\"0\"data-cntbg=\"#1e73be\"data-cnthvrbg=\"#e5e5e5\"data-headerbg=\"#1e73be\"data-headerhover=\"#e5e5e5\"data-title=\"BILDER\"data-newtitle=\"BILDER\"data-icon=\"\"data-newicon=\"\"data-activeicon=\"#333333\"data-effect=\"slideToggle\"data-override=\"0\"data-activetitle=\"#333333\"data-activebg=\"#dbdbdb\"data-img=\"\"data-newimg=\"\"><div  class=\"ult_exp_section-main \">\n\t\t\t\t\t<div class=\"ult_expheader\" >BILDER\n\t\t\t\t\t <\/div><\/div>\n\t\t\t\t<\/div><div class=\"ult_exp_content \" style=\"background-color:#dbdbdb;  \"><div class=\"ult_ecpsub_cont\" style=\" \" >[vc_column_text]<\/p>\n\n\t\t<style type=\"text\/css\">\n\t\t\t#gallery-1 {\n\t\t\t\tmargin: auto;\n\t\t\t}\n\t\t\t#gallery-1 .gallery-item {\n\t\t\t\tfloat: left;\n\t\t\t\tmargin-top: 10px;\n\t\t\t\ttext-align: center;\n\t\t\t\twidth: 100%;\n\t\t\t}\n\t\t\t#gallery-1 img {\n\t\t\t\tborder: 2px solid #cfcfcf;\n\t\t\t}\n\t\t\t#gallery-1 .gallery-caption {\n\t\t\t\tmargin-left: 0;\n\t\t\t}\n\t\t\t\/* see gallery_shortcode() in wp-includes\/media.php *\/\n\t\t<\/style>\n\t\t<div id='gallery-1' class='gallery galleryid-962 gallery-columns-0 gallery-size-thumbnail'><dl class='gallery-item'>\n\t\t\t<dt class='gallery-icon landscape'>\n\t\t\t\t<a href='https:\/\/blog.sickculture.de\/?attachment_id=963'><img loading=\"lazy\" decoding=\"async\" width=\"150\" height=\"150\" src=\"https:\/\/blog.sickculture.de\/wp-content\/uploads\/2016\/12\/kochel-und-walchensee-150x150.jpg\" class=\"attachment-thumbnail size-thumbnail\" alt=\"\" \/><\/a>\n\t\t\t<\/dt><\/dl>\n\t\t<\/div>\n\n<p>[\/vc_column_text]<\/div><\/div>\n\n\t\t\t<\/div>[\/vc_column][\/vc_row]<\/p>\n<\/section>","protected":false},"excerpt":{"rendered":"<p>[vc_row][vc_column][vc_column_text][pe2-image src=&#8221;https:\/\/lh3.googleusercontent.com\/-dzrR2N0XeMs\/WEEJJBpDiGI\/AAAAAAAAdXQ\/ICH1vZ8rzJsV1eMmME26xhgyteM12xqXACCo\/s144-c-o\/_DSC2484_Screen.jpg&#8221; href=&#8221;https:\/\/picasaweb.google.com\/112885246866780528333\/6359373472771508865#6359374199487957090&#8243; caption=&#8221;&#8221; type=&#8221;image&#8221; alt=&#8221;_DSC2484_Screen.jpg&#8221; ] Herzogstand 1. Dezember 2016 Ich h\u00e4tte nicht mehr daran gedacht, dass dieses Jahr noch an Biken in den Bergen zu denken ist. Aber zur Zeit ist das Wetter noch gn\u00e4dig und so entschlo\u00df ich mich vor dem Besuch meiner Schwester einen Abstecher an \u2026 <a class=\"continue-reading-link\" href=\"https:\/\/blog.sickculture.de\/?page_id=962\"> Continue reading<\/a><\/p>\n","protected":false},"author":1,"featured_media":0,"parent":90,"menu_order":0,"comment_status":"closed","ping_status":"closed","template":"","meta":{"_s2mail":"yes","ngg_post_thumbnail":0,"footnotes":""},"categories":[13,4],"class_list":["post-962","page","type-page","status-publish","hentry","category-13","category-mountainbike"],"jetpack_shortlink":"https:\/\/wp.me\/P7EPUT-fw","jetpack_sharing_enabled":true,"_links":{"self":[{"href":"https:\/\/blog.sickculture.de\/index.php?rest_route=\/wp\/v2\/pages\/962","targetHints":{"allow":["GET"]}}],"collection":[{"href":"https:\/\/blog.sickculture.de\/index.php?rest_route=\/wp\/v2\/pages"}],"about":[{"href":"https:\/\/blog.sickculture.de\/index.php?rest_route=\/wp\/v2\/types\/page"}],"author":[{"embeddable":true,"href":"https:\/\/blog.sickculture.de\/index.php?rest_route=\/wp\/v2\/users\/1"}],"replies":[{"embeddable":true,"href":"https:\/\/blog.sickculture.de\/index.php?rest_route=%2Fwp%2Fv2%2Fcomments&post=962"}],"version-history":[{"count":2,"href":"https:\/\/blog.sickculture.de\/index.php?rest_route=\/wp\/v2\/pages\/962\/revisions"}],"predecessor-version":[{"id":1325,"href":"https:\/\/blog.sickculture.de\/index.php?rest_route=\/wp\/v2\/pages\/962\/revisions\/1325"}],"up":[{"embeddable":true,"href":"https:\/\/blog.sickculture.de\/index.php?rest_route=\/wp\/v2\/pages\/90"}],"wp:attachment":[{"href":"https:\/\/blog.sickculture.de\/index.php?rest_route=%2Fwp%2Fv2%2Fmedia&parent=962"}],"wp:term":[{"taxonomy":"category","embeddable":true,"href":"https:\/\/blog.sickculture.de\/index.php?rest_route=%2Fwp%2Fv2%2Fcategories&post=962"}],"curies":[{"name":"wp","href":"https:\/\/api.w.org\/{rel}","templated":true}]}}