{"id":967,"date":"2016-12-08T12:08:54","date_gmt":"2016-12-08T12:08:54","guid":{"rendered":"http:\/\/blog.sickculture.de\/?page_id=967"},"modified":"2019-02-13T10:02:12","modified_gmt":"2019-02-13T10:02:12","slug":"2016-12-heimgarten-gamsreiben-trail","status":"publish","type":"page","link":"https:\/\/blog.sickculture.de\/?page_id=967","title":{"rendered":"2016.12 Heimgarten Gamsreiben Trail"},"content":{"rendered":"<section class=\"wpb-content-wrapper\"><p>[vc_row][vc_column][vc_column_text][pe2-image src=&#8221;https:\/\/lh3.googleusercontent.com\/-ewulSX6daw4\/WElEsXSql-I\/AAAAAAAAde0\/pGhvq6N__A8a1yOAc5rSoaLsrKD1tp3FwCCo\/s144-c-o\/20161207-124115-00057-_DSC2610_Screen.jpg&#8221; href=&#8221;https:\/\/picasaweb.google.com\/112885246866780528333\/6361691088203725857#6361691477594773474&#8243; caption=&#8221;&#8221; type=&#8221;image&#8221; alt=&#8221;20161207-124115-00057-_DSC2610_Screen.jpg&#8221; ]<\/p>\n<p class=\"clear\">&nbsp;<\/p>\n<h3 class=\"clear\" style=\"text-align: center;\"><strong><img loading=\"lazy\" decoding=\"async\" class=\"aligncenter wp-image-963\" src=\"http:\/\/blog.sickculture.de\/wp-content\/uploads\/2016\/12\/kochel-und-walchensee-300x193.jpg\" alt=\"kochel-und-walchensee\" width=\"193\" height=\"124\" srcset=\"https:\/\/blog.sickculture.de\/wp-content\/uploads\/2016\/12\/kochel-und-walchensee-300x193.jpg 300w, https:\/\/blog.sickculture.de\/wp-content\/uploads\/2016\/12\/kochel-und-walchensee-768x495.jpg 768w, https:\/\/blog.sickculture.de\/wp-content\/uploads\/2016\/12\/kochel-und-walchensee-233x150.jpg 233w, https:\/\/blog.sickculture.de\/wp-content\/uploads\/2016\/12\/kochel-und-walchensee-150x97.jpg 150w, https:\/\/blog.sickculture.de\/wp-content\/uploads\/2016\/12\/kochel-und-walchensee.jpg 770w\" sizes=\"auto, (max-width: 193px) 100vw, 193px\" \/><\/strong><span style=\"color: #008000;\"><strong><br \/>\n<\/strong><\/span><\/h3>\n<h2 style=\"text-align: center;\"><span style=\"color: #993300;\"><strong>Heimgarten &#8211; Gamsreiben Freeride Trail<br \/>\n<\/strong><\/span><\/h2>\n<h2 style=\"text-align: center;\">7. Dezember 2016<\/h2>\n<p>Die Sonnenlage in den Voralpen l\u00e4sst noch nicht los. W\u00e4hrend es zuhause kalt und neblig ist, erlebt man hier in den Alpen noch das beste Wetter. Also nochmals einen &#8220;Blauen&#8221; reingehauen und nochmals runter in den S\u00fcden. Gleiches Spiel wie letzte Woche, nur diesmal einen Gipfel weiter: der Heimgarten zwischen Walchensee und Eschenlohe.[\/vc_column_text][\/vc_column][\/vc_row][vc_row][vc_column][vc_text_separator title=&#8221;B E S C H R E I B U N G&#8221;][\/vc_column][\/vc_row][vc_row][vc_column][vc_column_text]Wow, war das anfangs frisch und alles lief gegen meinen Willen. Zuerst der Scheinwerfer rechts defekt, dann das Spritzwasser leer und zu guter letzt dann noch eine tropfende Trinkblase. &#8220;Wenn das so weitergeht,dann&#8230;!&#8221; Aber diese Probleme lie\u00dfen sich zum Gl\u00fcck schnell beheben und so startete ich vom Walchensee erstmal ein paar Meter entlang der Stra\u00dfe, ehe rechts der Verbindungsweg nach Eschenlohe abzweigt. Dann hie\u00df es aus mit Barmherzigkeit. Der erste Stich \u00fcber ca. 200hm war gleich mal mit 16-18% zum Warmfahren, bzw. Warmschieben. Mit einem 601er als Freerider unterm Hintern ist das schon mal ein Kraftakt. Au\u00dferdem waren noch gefrierende K\u00e4lte in der engen Schlucht angesagt. Der knirschende Frost unter den Stollen sorge auch daf\u00fcr, dass durch meine klebrigen Reifen die Kiesel aufgefangen werden und sich irgendwann in meinem Mudguard verfangen. Das Resultat war dann, dass schon nach kurzester Zeit dieses zerfetzt war. Na super! Der Anblick der zugefrorenen B\u00e4che und Wasserf\u00e4lle war schon gewaltig, w\u00e4hrend weiter oben die Sonne die Gipfel schon erstrahlten. Am Scheitelpunkt geht\u00b4s erstmal bergab Richtung Eschenlohe. Teilweise war der Schotterweg komplett mit Eis \u00fcberzogen. An einem Abzweig zum Hahnbichlsteig, welcher links hochf\u00fchrt, folgte ich der Beschilderung links hoch zum Heimgarten. In relativ angenehmer Steigung zwischen 10-12% mit kleinen Rampen zwischendrin schraubt man sich gute 700hm hoch. Die letzten Meter von der Jagdh\u00fctte folgt dann einem Karrenweg, der mit Schmackes auf dem Pedal noch gut zu fahren war. Dann hie\u00df es, entweder Gipfelsturm mit 250hm tragen und anschlie\u00dfender schwerer S3-S4 Abfahrt oder eine Hangquerung auf flowigen Steig abk\u00fcrzen. Da mir die Zeit im Nacken stand und ich nur bis fr\u00fchen Nachmittag Zeit hatte, w\u00e4hlte ich die zweite Variante. Die ersten Meter mu\u00dfte man sich den Weg noch suchen, dann war er aber klar ersichtlich und nur ein paarmal mit Schiebepassagen versehen. Nicht nur ich kannte diesen Weg, auch das Vieh wusste von der Abk\u00fcrzung auf die saftige Wiese gegen\u00fcber. An dieser Wiese angekommen, hat man den Walchensee, den Heimgartengipfel, Herzogstand und die gegen\u00fcberliegenden Alpen vor Augen. Das alles in perfekt strahlendem Sonnenwetter! Was will man mehr? Ach ja, der Lohn der Strapazen. Doch dieser mu\u00dfte noch ein wenig warten. Eine kurze Schiebepassage bergauf bis zu einem Aussichtspunkt (Hansleck) noch, dann gings bergab. Wow, was war das? Zuerst noch flowig \u00fcber Wurzeln, kleinen Stufen, Holzquerbalken, dann mal eine Kehre und wieder von vorn. Dann zeigte der Gamsreiben Steig seine andere Seite. Die Kehren wurden enger, der Weg verblockter, die Abs\u00e4tze und Stufen h\u00f6her und der Anspruch in den Kehren noch um einiges h\u00f6her. Das Versetzen des Hinterrads ist unumdenkbar. Und dazu dann noch w\u00e4hrend des Umsetzens \u00fcber Abs\u00e4tze rollen war dann doch zuviel. Also mu\u00dfte ich einige Kehren doch &#8220;mit dem Fu\u00df nach unten&#8221; nehmen oder teilweise absteigen. Aber lieber auf Nummer sicher gehen. Die Zwischenst\u00fccke waren meist sehr gut zu meistern. Im letzten Viertel wird\u00b4s dann kurz abfallender und endete an der letzten Schl\u00fcsselstelle: zwei hintereinanderfolgende Naturtreppen, w\u00e4hrend bei der ersten Treppe rechts und links Felsen hochragen und man durch eine &#8220;Felsenschleuse&#8221; zirkeln mu\u00dfte. Mit breitem Grinsen endet die Abfahrt an einem Forstweg kurz vor dem Walchensee. Hammer Tour!<\/p>\n<div class=\"passster-form\" id=\"ps-955\">\n    <form class=\"password-form\" method=\"post\" autocomplete=\"off\" target=\"_top\">\n        <span class=\"ps-form-headline\">Gesch\u00fctzter Bereich<\/span>\n        <div class=\"ps-form-instructions-wrap\">Dieser Inhalt ist passwortgesch\u00fctzt. Bitte gib dein Passwort ein um den Inhalt freizuschalten.<\/div>\n        <fieldset>\n            <span class=\"ps-loader\" style=\"display:none;\"><img decoding=\"async\" src=\"https:\/\/blog.sickculture.de\/wp-content\/plugins\/content-protector\/assets\/public\/ps-loader.svg\" alt=\"\" \/><\/span>\n            <label for=\"input-ps-955\" style=\"display:none;\" class=\"passster-hidden\">Trage dein Passwort ein<\/label>\n            <input placeholder=\"Gib dein Passwort ein..\" type=\"password\" tabindex=\"1\" name=\"passster_password\"\n                   id=\"input-ps-955\" class=\"passster-password\" autocomplete=\"off\"\n                   data-protection-type=\"password\" data-list=\"[PASSSTER_LIST]\" data-lists=\"[PASSSTER_LISTS]\" data-area=\"[PASSSTER_AREA]\"\n                   data-protection=\"[PASSSTER_PROTECTION]\">\n            \n            <button name=\"submit\" type=\"submit\" class=\"passster-submit\" data-psid=\"ps-955\" data-post-id=\"967\" data-term-id=\"0\" \n                    data-submit=\"...Checking Password\" data-redirect=\"\">Freischalten\n            <\/button>\n            <div class=\"passster-error\"><\/div>\n        <\/fieldset>\n    <\/form>\n<\/div>\n[\/vc_column_text][\/vc_column][\/vc_row][vc_row][vc_column][vc_text_separator title=&#8221;F A Z I T&#8221;][\/vc_column][\/vc_row][vc_row][vc_column][vc_column_text]Wieder ein Trailschmankerl im bayrischen Flowvalley. Die Region Walchensee, Jachenau, Lenggries, Bad T\u00f6lz bietet noch einige unscheinbarer Klassiker. Diese Tour geh\u00f6rt sicherlich zu den heftigeren Freerideabfahrten. Definitiv nicht f\u00fcr Wochenendbiker und schon gar nicht in den Sommermontaten zu empfehlen, da der Steig hoch zum Heimgarten oft von Wanderer begangen wird. Jetzt war nochmals eine super Gelegenheit dazu. Der frostige Boden bietet auch noch richtig gute Traktion auf den Reifen. Fazit: ich komme wieder![\/vc_column_text][\/vc_column][\/vc_row][vc_row][vc_column]<div class=\"ult_exp_section_layer ult-adjust-bottom-margin  \" >\n\t<div id=\"uvc-exp-wrap-1232\"   data-ultimate-target='#uvc-exp-wrap-1232'  data-responsive-json-new='{\"font-size\":\"desktop:20px;\",\"line-height\":\"desktop:20px;\"}'  class=\"ult_exp_section  ult-responsive \" style=\"color:#ffffff;background-color:#1e73be;font-family:Alfa Slab One;font-weight:bold;  text-align:center;\" data-textcolor=\"#ffffff\"data-texthover=\"#333333\"data-icncolor=\"#333333\"data-ihover=\"#333333\"data-height=\"0\"data-cntbg=\"#1e73be\"data-cnthvrbg=\"#e5e5e5\"data-headerbg=\"#1e73be\"data-headerhover=\"#e5e5e5\"data-title=\"BILDER\"data-newtitle=\"BILDER\"data-icon=\"\"data-newicon=\"\"data-activeicon=\"#333333\"data-effect=\"slideToggle\"data-override=\"0\"data-activetitle=\"#333333\"data-activebg=\"#dbdbdb\"data-img=\"\"data-newimg=\"\"><div  class=\"ult_exp_section-main \">\n\t\t\t\t\t<div class=\"ult_expheader\" >BILDER\n\t\t\t\t\t <\/div><\/div>\n\t\t\t\t<\/div><div class=\"ult_exp_content \" style=\"background-color:#dbdbdb;  \"><div class=\"ult_ecpsub_cont\" style=\" \" >[vc_column_text]<\/p>\n\n<p>[\/vc_column_text]<\/div><\/div>\n\n\t\t\t<\/div>[\/vc_column][\/vc_row]<\/p>\n<\/section>","protected":false},"excerpt":{"rendered":"<p>[vc_row][vc_column][vc_column_text][pe2-image src=&#8221;https:\/\/lh3.googleusercontent.com\/-ewulSX6daw4\/WElEsXSql-I\/AAAAAAAAde0\/pGhvq6N__A8a1yOAc5rSoaLsrKD1tp3FwCCo\/s144-c-o\/20161207-124115-00057-_DSC2610_Screen.jpg&#8221; href=&#8221;https:\/\/picasaweb.google.com\/112885246866780528333\/6361691088203725857#6361691477594773474&#8243; caption=&#8221;&#8221; type=&#8221;image&#8221; alt=&#8221;20161207-124115-00057-_DSC2610_Screen.jpg&#8221; ] &nbsp; Heimgarten &#8211; Gamsreiben Freeride Trail 7. Dezember 2016 Die Sonnenlage in den Voralpen l\u00e4sst noch nicht los. W\u00e4hrend es zuhause kalt und neblig ist, erlebt man hier in den Alpen noch das beste Wetter. Also nochmals einen &#8220;Blauen&#8221; reingehauen und nochmals runter \u2026 <a class=\"continue-reading-link\" href=\"https:\/\/blog.sickculture.de\/?page_id=967\"> Continue reading<\/a><\/p>\n","protected":false},"author":1,"featured_media":0,"parent":90,"menu_order":0,"comment_status":"closed","ping_status":"closed","template":"","meta":{"_s2mail":"yes","ngg_post_thumbnail":0,"footnotes":""},"categories":[13,4],"class_list":["post-967","page","type-page","status-publish","hentry","category-13","category-mountainbike"],"jetpack_shortlink":"https:\/\/wp.me\/P7EPUT-fB","jetpack_sharing_enabled":true,"_links":{"self":[{"href":"https:\/\/blog.sickculture.de\/index.php?rest_route=\/wp\/v2\/pages\/967","targetHints":{"allow":["GET"]}}],"collection":[{"href":"https:\/\/blog.sickculture.de\/index.php?rest_route=\/wp\/v2\/pages"}],"about":[{"href":"https:\/\/blog.sickculture.de\/index.php?rest_route=\/wp\/v2\/types\/page"}],"author":[{"embeddable":true,"href":"https:\/\/blog.sickculture.de\/index.php?rest_route=\/wp\/v2\/users\/1"}],"replies":[{"embeddable":true,"href":"https:\/\/blog.sickculture.de\/index.php?rest_route=%2Fwp%2Fv2%2Fcomments&post=967"}],"version-history":[{"count":2,"href":"https:\/\/blog.sickculture.de\/index.php?rest_route=\/wp\/v2\/pages\/967\/revisions"}],"predecessor-version":[{"id":1324,"href":"https:\/\/blog.sickculture.de\/index.php?rest_route=\/wp\/v2\/pages\/967\/revisions\/1324"}],"up":[{"embeddable":true,"href":"https:\/\/blog.sickculture.de\/index.php?rest_route=\/wp\/v2\/pages\/90"}],"wp:attachment":[{"href":"https:\/\/blog.sickculture.de\/index.php?rest_route=%2Fwp%2Fv2%2Fmedia&parent=967"}],"wp:term":[{"taxonomy":"category","embeddable":true,"href":"https:\/\/blog.sickculture.de\/index.php?rest_route=%2Fwp%2Fv2%2Fcategories&post=967"}],"curies":[{"name":"wp","href":"https:\/\/api.w.org\/{rel}","templated":true}]}}