{"id":972,"date":"2016-12-11T13:54:05","date_gmt":"2016-12-11T13:54:05","guid":{"rendered":"http:\/\/blog.sickculture.de\/?page_id=972"},"modified":"2019-02-13T09:59:46","modified_gmt":"2019-02-13T09:59:46","slug":"2016-12-jachenau-trailheart","status":"publish","type":"page","link":"https:\/\/blog.sickculture.de\/?page_id=972","title":{"rendered":"2016.12 Jachenau Trailheart"},"content":{"rendered":"<section class=\"wpb-content-wrapper\"><p>[vc_row][vc_column][vc_column_text][pe2-image src=&#8221;https:\/\/lh3.googleusercontent.com\/-HigKVSTyRkg\/WE1SygrNP2I\/AAAAAAAAdpY\/4tZ2lPv2ne8m_u2gY80_lq1AxwIOVH8qwCCo\/s144-c-o\/20161210-122630-00059-_DSC2734_Screen.jpg&#8221; href=&#8221;https:\/\/picasaweb.google.com\/112885246866780528333\/6362830132168716529#6362832876262473570&#8243; caption=&#8221;&#8221; type=&#8221;image&#8221; alt=&#8221;20161210-122630-00059-_DSC2734_Screen.jpg&#8221; ]<\/p>\n<p class=\"clear\">&nbsp;<\/p>\n<h3 class=\"clear\" style=\"text-align: center;\"><strong><img loading=\"lazy\" decoding=\"async\" class=\"aligncenter wp-image-963\" src=\"http:\/\/blog.sickculture.de\/wp-content\/uploads\/2016\/12\/kochel-und-walchensee-300x193.jpg\" alt=\"kochel-und-walchensee\" width=\"193\" height=\"124\" srcset=\"https:\/\/blog.sickculture.de\/wp-content\/uploads\/2016\/12\/kochel-und-walchensee-300x193.jpg 300w, https:\/\/blog.sickculture.de\/wp-content\/uploads\/2016\/12\/kochel-und-walchensee-768x495.jpg 768w, https:\/\/blog.sickculture.de\/wp-content\/uploads\/2016\/12\/kochel-und-walchensee-233x150.jpg 233w, https:\/\/blog.sickculture.de\/wp-content\/uploads\/2016\/12\/kochel-und-walchensee-150x97.jpg 150w, https:\/\/blog.sickculture.de\/wp-content\/uploads\/2016\/12\/kochel-und-walchensee.jpg 770w\" sizes=\"auto, (max-width: 193px) 100vw, 193px\" \/><\/strong><span style=\"color: #008000;\"><strong><br \/>\n<\/strong><\/span><\/h3>\n<h2 style=\"text-align: center;\"><span style=\"color: #993300;\"><strong>Jachenau Trailheart<br \/>\n<\/strong><\/span><\/h2>\n<h2 style=\"text-align: center;\">Staffelalm Trail und Glaswandscharte Freeride<\/h2>\n<h2 style=\"text-align: center;\">10. Dezember 2016<\/h2>\n<p>Alle guten Dinge sind Drei! Diesmal gings spontan bei bestem Wetter nochmals in die Bayrischen Voralpen. Kaiserwetter, 2-3 Trails rocken und dann entspannt Kaffee schl\u00fcrfen &#8211; so war der Plan.[\/vc_column_text][\/vc_column][\/vc_row][vc_row][vc_column][vc_text_separator title=&#8221;B E S C H R E I B U N G&#8221;][\/vc_column][\/vc_row][vc_row][vc_column][vc_column_text]Mein Streckenverlauf glich der Form eines Herz &#8211; genau die dem glich auch der Trailherz, welches beim Downhill dieser Trails h\u00f6her schlug. Startpunkt war diesmal Jachenau am s\u00fcdlichen Ende des Walchensee\u00b4s. Von hier schraubt sich der Schotterweg erstmal 200hm gem\u00fctlich am Bachlauf der Laine hoch zur Lainlalm. Hier vereinen sich der Staffelbach und der Glasbach in die Gro\u00dfe Laine. Ab der Lainlalm f\u00fchrt der Schotterweg nun unerb\u00e4rmlich nach oben mit Steigungen zwischen 12 bis 18 Prozent. Nun kann man sich entscheiden, ob zuerst der Staffelalm Trail oder der Glaswandscharten Trail gerockt wird. In der Tourenbeschreibung hie\u00df es, der Staffelalm Trail sei ein &#8220;Warmup&#8221; auf den zweiten Trail. Also folgte ich an der Abzweigung zur Benediktenwand nach links zum Rabenkopf und der darunterliegenden Staffelalm. Ein herrliches Panorama r\u00fcber zur S\u00fcdseite der Benediktenwand war zu sehen. Nach kurzer Rast hie\u00df es ab ins Trailvergn\u00fcgen. Hinter der H\u00fctte zweigt die Via Alpina zur Kochler Alm ab. Die ersten Tiefenmeter waren mit Abs\u00e4tzen, Stufen, Holztreppen und Kehren versehen. Dann wurde der Pfad noch vereist und ausgesetzt. Teilweise mu\u00dfte ich das Bike schieben, da keine Traktion mehr auf den vereisten Bohlen vorhanden war. Die Kochler-Alm bietet eine kurze Verschnaufpause an, ehe es zum zweiten Teil der Abfahrt weiter ging. Nun folgt der Trail zuerst sanft in flowigen Kehren \u00fcber Wurzeln und griffigen Boden in die Rappinschlucht runter zur Rappinalm. Der Trail wird im Zwischenteil wieder mit Stufen, Kehren und vereisten Stellen immer schwieriger und folgt anschlie\u00dfend einer ausgesetzten Hangquerung hoch \u00fcber der Rappinschlucht. Hier mu\u00df man definitiv vorsichtig fahren! Hinter jeder Kurve g\u00e4hnt der Abgrund oder es k\u00f6nnen Wanderer entgegenkommen. Von der Rappinalm cruiste ich noch \u00fcber easy Trails auf den Schotterweg kurz vor der Lainlalm.<\/p>\n<p>Nun folgte Part Two: Glaswandscharten Freeride! Die ersten 250hm kannte ich bereits vom Uphill bis zur Abzweigung. Nun folgte ich dem Weg rechts hoch zur Glaswandscharte und Benediktenwand. Auch hier waren wieder heftige Neigungen zu meistern, bis man kurz unterhalb der Glaswandscharte den Traileinstieg erreicht. Ich bin dann noch zu Fu\u00df hoch zur Scharte, in der Hoffnung eine sch\u00f6ne Aussicht zu haben. Doch diese war total unspektakul\u00e4r und mit Nullsicht im Wald. Nicht einmal ein Schild zum Beweis des Aufstiegs war zu finden. Egal, dachte ich mir und runter zum Bike. Jetzt wird\u00b4s heftig! Zu heftig, w\u00fcrde ich sagen. Wer diesen Trail rockt und dabei nicht st\u00fcrzt oder Absetzen mu\u00df, w\u00fcrde ich Respekt zollen. Gro\u00dfe Felsbrocken, enge Kehren, starke Wurzeln und dann noch schlecht sichtbarer Wegverlauf. Geschweige denn von der Hangneigung! Gut die H\u00e4lfte mu\u00dfte ich Schieben und Tragen. Auch mal eine gute Lehrstunde, dass nicht alles Fahrbar ist. Die zweite H\u00e4lfte wurde dann ein wenig angenehmer und die Anzahl der fahrbaren Meter auch h\u00f6her. Kurz vor dem Glasbach Wasserfall folgt eine Spitzkehrenpassage mit Stufen und ausgesetzen Stellen. An den Kehren sind auch ettliche Fotopoints auf den Wasserfall und dessen Gumpen unterhalb. Ein herrlicher Blick auf die vereisten B\u00e4che und Gumpen. Der R\u00fcckweg zur Lainlalm war dann ein Auf und Ab \u00fcber einen Singletrail, der nur ein paarmal zu schieben war. Eine Bachquerung \u00fcber Eis war dann das Finale des Glaswandscharten Trails und m\u00fcndet bei der Lainl Alm auf den Zufahrtsweg. Nun h\u00e4tte man noch den Lainltrail nach Jachenau rocken k\u00f6nnen. Aufgrund der Uhrzeit und der Wandergruppe entschlo\u00df ich mich zur\u00fcck zum Auto zu fahren.<\/p>\n<div class=\"passster-form\" id=\"ps-232\">\n    <form class=\"password-form\" method=\"post\" autocomplete=\"off\" target=\"_top\">\n        <span class=\"ps-form-headline\">Gesch\u00fctzter Bereich<\/span>\n        <div class=\"ps-form-instructions-wrap\">Dieser Inhalt ist passwortgesch\u00fctzt. Bitte gib dein Passwort ein um den Inhalt freizuschalten.<\/div>\n        <fieldset>\n            <span class=\"ps-loader\" style=\"display:none;\"><img decoding=\"async\" src=\"https:\/\/blog.sickculture.de\/wp-content\/plugins\/content-protector\/assets\/public\/ps-loader.svg\" alt=\"\" \/><\/span>\n            <label for=\"input-ps-232\" style=\"display:none;\" class=\"passster-hidden\">Trage dein Passwort ein<\/label>\n            <input placeholder=\"Gib dein Passwort ein..\" type=\"password\" tabindex=\"1\" name=\"passster_password\"\n                   id=\"input-ps-232\" class=\"passster-password\" autocomplete=\"off\"\n                   data-protection-type=\"password\" data-list=\"[PASSSTER_LIST]\" data-lists=\"[PASSSTER_LISTS]\" data-area=\"[PASSSTER_AREA]\"\n                   data-protection=\"[PASSSTER_PROTECTION]\">\n            \n            <button name=\"submit\" type=\"submit\" class=\"passster-submit\" data-psid=\"ps-232\" data-post-id=\"972\" data-term-id=\"0\" \n                    data-submit=\"...Checking Password\" data-redirect=\"\">Freischalten\n            <\/button>\n            <div class=\"passster-error\"><\/div>\n        <\/fieldset>\n    <\/form>\n<\/div>\n[\/vc_column_text][\/vc_column][\/vc_row][vc_row][vc_column][vc_text_separator title=&#8221;F A Z I T&#8221;][\/vc_column][\/vc_row][vc_row][vc_column][vc_column_text]Flow Valley rockt! So k\u00f6nnt man das wieder einmal kurz beschreiben. In der Nebensaison hat man die gesperrten Trails fast f\u00fcr sich alleine. Die paar Wandersleut sind erstaunt, dass man diesen Weg fahren kann und waren wieder einmal freundlich. Kein Stress! Ein vern\u00fcnftiges Miteinander geht auch hier, wenn man gegenseitig R\u00fccksicht nimmt. Zu dieser Tour kann ich nur abschlie\u00dfend sagen, dass der Staffelalm Trail top ist und der Glaswandscharten Freeride in der ersten H\u00e4lfte zuviel des Guten f\u00fcr mich war. (Andere sehen das vielleicht anderst) Der Ausflug hat sich auf jedenfall wieder gelohnt. Und ich kann jetzt schon sagen: in ein paar Tagen geht\u00b4s weiter&#8230;[\/vc_column_text][\/vc_column][\/vc_row][vc_row][vc_column]<div class=\"ult_exp_section_layer ult-adjust-bottom-margin  \" >\n\t<div id=\"uvc-exp-wrap-3998\"   data-ultimate-target='#uvc-exp-wrap-3998'  data-responsive-json-new='{\"font-size\":\"desktop:20px;\",\"line-height\":\"desktop:20px;\"}'  class=\"ult_exp_section  ult-responsive \" style=\"color:#ffffff;background-color:#1e73be;font-family:Alfa Slab One;font-weight:bold;  text-align:center;\" data-textcolor=\"#ffffff\"data-texthover=\"#333333\"data-icncolor=\"#333333\"data-ihover=\"#333333\"data-height=\"0\"data-cntbg=\"#1e73be\"data-cnthvrbg=\"#e5e5e5\"data-headerbg=\"#1e73be\"data-headerhover=\"#e5e5e5\"data-title=\"BILDER\"data-newtitle=\"BILDER\"data-icon=\"\"data-newicon=\"\"data-activeicon=\"#333333\"data-effect=\"slideToggle\"data-override=\"0\"data-activetitle=\"#333333\"data-activebg=\"#dbdbdb\"data-img=\"\"data-newimg=\"\"><div  class=\"ult_exp_section-main \">\n\t\t\t\t\t<div class=\"ult_expheader\" >BILDER\n\t\t\t\t\t <\/div><\/div>\n\t\t\t\t<\/div><div class=\"ult_exp_content \" style=\"background-color:#dbdbdb;  \"><div class=\"ult_ecpsub_cont\" style=\" \" >[vc_column_text]<\/p>\n\n<p>[\/vc_column_text]<\/div><\/div>\n\n\t\t\t<\/div>[\/vc_column][\/vc_row]<\/p>\n<\/section>","protected":false},"excerpt":{"rendered":"<p>[vc_row][vc_column][vc_column_text][pe2-image src=&#8221;https:\/\/lh3.googleusercontent.com\/-HigKVSTyRkg\/WE1SygrNP2I\/AAAAAAAAdpY\/4tZ2lPv2ne8m_u2gY80_lq1AxwIOVH8qwCCo\/s144-c-o\/20161210-122630-00059-_DSC2734_Screen.jpg&#8221; href=&#8221;https:\/\/picasaweb.google.com\/112885246866780528333\/6362830132168716529#6362832876262473570&#8243; caption=&#8221;&#8221; type=&#8221;image&#8221; alt=&#8221;20161210-122630-00059-_DSC2734_Screen.jpg&#8221; ] &nbsp; Jachenau Trailheart Staffelalm Trail und Glaswandscharte Freeride 10. Dezember 2016 Alle guten Dinge sind Drei! Diesmal gings spontan bei bestem Wetter nochmals in die Bayrischen Voralpen. Kaiserwetter, 2-3 Trails rocken und dann entspannt Kaffee schl\u00fcrfen &#8211; so war der Plan.[\/vc_column_text][\/vc_column][\/vc_row][vc_row][vc_column][vc_text_separator title=&#8221;B E \u2026 <a class=\"continue-reading-link\" href=\"https:\/\/blog.sickculture.de\/?page_id=972\"> Continue reading<\/a><\/p>\n","protected":false},"author":1,"featured_media":0,"parent":90,"menu_order":0,"comment_status":"closed","ping_status":"closed","template":"","meta":{"_s2mail":"yes","ngg_post_thumbnail":0,"footnotes":""},"categories":[13,4],"class_list":["post-972","page","type-page","status-publish","hentry","category-13","category-mountainbike"],"jetpack_shortlink":"https:\/\/wp.me\/P7EPUT-fG","jetpack_sharing_enabled":true,"_links":{"self":[{"href":"https:\/\/blog.sickculture.de\/index.php?rest_route=\/wp\/v2\/pages\/972","targetHints":{"allow":["GET"]}}],"collection":[{"href":"https:\/\/blog.sickculture.de\/index.php?rest_route=\/wp\/v2\/pages"}],"about":[{"href":"https:\/\/blog.sickculture.de\/index.php?rest_route=\/wp\/v2\/types\/page"}],"author":[{"embeddable":true,"href":"https:\/\/blog.sickculture.de\/index.php?rest_route=\/wp\/v2\/users\/1"}],"replies":[{"embeddable":true,"href":"https:\/\/blog.sickculture.de\/index.php?rest_route=%2Fwp%2Fv2%2Fcomments&post=972"}],"version-history":[{"count":2,"href":"https:\/\/blog.sickculture.de\/index.php?rest_route=\/wp\/v2\/pages\/972\/revisions"}],"predecessor-version":[{"id":1323,"href":"https:\/\/blog.sickculture.de\/index.php?rest_route=\/wp\/v2\/pages\/972\/revisions\/1323"}],"up":[{"embeddable":true,"href":"https:\/\/blog.sickculture.de\/index.php?rest_route=\/wp\/v2\/pages\/90"}],"wp:attachment":[{"href":"https:\/\/blog.sickculture.de\/index.php?rest_route=%2Fwp%2Fv2%2Fmedia&parent=972"}],"wp:term":[{"taxonomy":"category","embeddable":true,"href":"https:\/\/blog.sickculture.de\/index.php?rest_route=%2Fwp%2Fv2%2Fcategories&post=972"}],"curies":[{"name":"wp","href":"https:\/\/api.w.org\/{rel}","templated":true}]}}